{"id":86,"date":"2024-07-29T18:05:51","date_gmt":"2024-07-29T16:05:51","guid":{"rendered":"https:\/\/productionlibre.fr\/?page_id=86"},"modified":"2024-07-29T18:05:51","modified_gmt":"2024-07-29T16:05:51","slug":"lequipe","status":"publish","type":"page","link":"https:\/\/productionlibre.fr\/index.php\/lequipe\/","title":{"rendered":"L&rsquo;\u00e9quipe"},"content":{"rendered":"\n<p>L&rsquo;\u00e9quipe de \u00ab\u00a0Production Libre\u00a0\u00bb se compose de : <\/p>\n\n\n\n<p class=\"has-medium-font-size\"><span style=\"text-decoration: underline;\"><\/span><\/p>\n\n\n\n<p class=\"has-medium-font-size\"><strong><em>Bruno MAUGUIL<\/em><\/strong><\/p>\n\n\n\n<ul class=\"wp-block-list\">\n<li>Cr\u00e9ateur et fondateur de l&rsquo;\u00e9cole \u00ab\u00a0Musiques Tangentes\u00a0\u00bb<\/li>\n\n\n\n<li>Initiateur et premier donneur d&rsquo;ordres pour le logiciel ALGEM. <\/li>\n<\/ul>\n\n\n\n<p class=\"has-medium-font-size\"><strong><em>Eric GEYRES<\/em><\/strong><\/p>\n\n\n\n<ul class=\"wp-block-list\">\n<li>Architecte et d\u00e9veloppeur initial du logiciel ALGEM<\/li>\n\n\n\n<li>Sp\u00e9cialiste Java<\/li>\n<\/ul>\n\n\n\n<p class=\"has-medium-font-size\"><strong><em>Daniel BOUCON<\/em><\/strong><\/p>\n\n\n\n<ul class=\"wp-block-list\">\n<li>Consultant en informatique embarqu\u00e9e<\/li>\n\n\n\n<li>Fondateur et directeur de la soci\u00e9t\u00e9 \u00ab\u00a0Byzance Informatique<\/li>\n<\/ul>\n\n\n\n<p><\/p>\n","protected":false},"excerpt":{"rendered":"<p>L&rsquo;\u00e9quipe de \u00ab\u00a0Production Libre\u00a0\u00bb se compose de : Bruno MAUGUIL Eric GEYRES Daniel BOUCON<\/p>\n","protected":false},"author":1,"featured_media":0,"parent":0,"menu_order":0,"comment_status":"closed","ping_status":"closed","template":"","meta":{"footnotes":""},"class_list":["post-86","page","type-page","status-publish","hentry"],"yoast_head":"<!-- This site is optimized with the Yoast SEO plugin v23.9 - https:\/\/yoast.com\/wordpress\/plugins\/seo\/ -->\n<title>L&#039;\u00e9quipe - Production Libre<\/title>\n<meta name=\"robots\" content=\"index, follow, max-snippet:-1, max-image-preview:large, max-video-preview:-1\" \/>\n<link rel=\"canonical\" href=\"https:\/\/productionlibre.fr\/index.php\/lequipe\/\" \/>\n<meta property=\"og:locale\" content=\"fr_FR\" \/>\n<meta property=\"og:type\" content=\"article\" \/>\n<meta property=\"og:title\" content=\"L&#039;\u00e9quipe - Production Libre\" \/>\n<meta property=\"og:description\" content=\"L&rsquo;\u00e9quipe de \u00ab\u00a0Production Libre\u00a0\u00bb se compose de : Bruno MAUGUIL Eric GEYRES Daniel BOUCON\" \/>\n<meta property=\"og:url\" content=\"https:\/\/productionlibre.fr\/index.php\/lequipe\/\" \/>\n<meta property=\"og:site_name\" content=\"Production Libre\" \/>\n<meta name=\"twitter:card\" content=\"summary_large_image\" \/>\n<script type=\"application\/ld+json\" class=\"yoast-schema-graph\">{\"@context\":\"https:\/\/schema.org\",\"@graph\":[{\"@type\":\"WebPage\",\"@id\":\"https:\/\/productionlibre.fr\/index.php\/lequipe\/\",\"url\":\"https:\/\/productionlibre.fr\/index.php\/lequipe\/\",\"name\":\"L'\u00e9quipe - Production Libre\",\"isPartOf\":{\"@id\":\"https:\/\/productionlibre.fr\/#website\"},\"datePublished\":\"2024-07-29T16:05:51+00:00\",\"dateModified\":\"2024-07-29T16:05:51+00:00\",\"breadcrumb\":{\"@id\":\"https:\/\/productionlibre.fr\/index.php\/lequipe\/#breadcrumb\"},\"inLanguage\":\"fr-FR\",\"potentialAction\":[{\"@type\":\"ReadAction\",\"target\":[\"https:\/\/productionlibre.fr\/index.php\/lequipe\/\"]}]},{\"@type\":\"BreadcrumbList\",\"@id\":\"https:\/\/productionlibre.fr\/index.php\/lequipe\/#breadcrumb\",\"itemListElement\":[{\"@type\":\"ListItem\",\"position\":1,\"name\":\"Accueil\",\"item\":\"https:\/\/productionlibre.fr\/\"},{\"@type\":\"ListItem\",\"position\":2,\"name\":\"L&rsquo;\u00e9quipe\"}]},{\"@type\":\"WebSite\",\"@id\":\"https:\/\/productionlibre.fr\/#website\",\"url\":\"https:\/\/productionlibre.fr\/\",\"name\":\"www.productionlibre.fr\",\"description\":\"De l&#039;id\u00e9e \u00e0 la r\u00e9alisation, avec un maximum de libert\u00e9s\",\"publisher\":{\"@id\":\"https:\/\/productionlibre.fr\/#organization\"},\"potentialAction\":[{\"@type\":\"SearchAction\",\"target\":{\"@type\":\"EntryPoint\",\"urlTemplate\":\"https:\/\/productionlibre.fr\/?s={search_term_string}\"},\"query-input\":{\"@type\":\"PropertyValueSpecification\",\"valueRequired\":true,\"valueName\":\"search_term_string\"}}],\"inLanguage\":\"fr-FR\"},{\"@type\":\"Organization\",\"@id\":\"https:\/\/productionlibre.fr\/#organization\",\"name\":\"Production Libre\",\"url\":\"https:\/\/productionlibre.fr\/\",\"logo\":{\"@type\":\"ImageObject\",\"inLanguage\":\"fr-FR\",\"@id\":\"https:\/\/productionlibre.fr\/#\/schema\/logo\/image\/\",\"url\":\"https:\/\/productionlibre.fr\/wp-content\/uploads\/2024\/07\/cropped-Logo-Production-Libre-Droite-Transparent.png\",\"contentUrl\":\"https:\/\/productionlibre.fr\/wp-content\/uploads\/2024\/07\/cropped-Logo-Production-Libre-Droite-Transparent.png\",\"width\":386,\"height\":250,\"caption\":\"Production Libre\"},\"image\":{\"@id\":\"https:\/\/productionlibre.fr\/#\/schema\/logo\/image\/\"}}]}<\/script>\n<!-- \/ Yoast SEO plugin. -->","yoast_head_json":{"title":"L'\u00e9quipe - Production Libre","robots":{"index":"index","follow":"follow","max-snippet":"max-snippet:-1","max-image-preview":"max-image-preview:large","max-video-preview":"max-video-preview:-1"},"canonical":"https:\/\/productionlibre.fr\/index.php\/lequipe\/","og_locale":"fr_FR","og_type":"article","og_title":"L'\u00e9quipe - Production Libre","og_description":"L&rsquo;\u00e9quipe de \u00ab\u00a0Production Libre\u00a0\u00bb se compose de : Bruno MAUGUIL Eric GEYRES Daniel BOUCON","og_url":"https:\/\/productionlibre.fr\/index.php\/lequipe\/","og_site_name":"Production Libre","twitter_card":"summary_large_image","schema":{"@context":"https:\/\/schema.org","@graph":[{"@type":"WebPage","@id":"https:\/\/productionlibre.fr\/index.php\/lequipe\/","url":"https:\/\/productionlibre.fr\/index.php\/lequipe\/","name":"L'\u00e9quipe - Production Libre","isPartOf":{"@id":"https:\/\/productionlibre.fr\/#website"},"datePublished":"2024-07-29T16:05:51+00:00","dateModified":"2024-07-29T16:05:51+00:00","breadcrumb":{"@id":"https:\/\/productionlibre.fr\/index.php\/lequipe\/#breadcrumb"},"inLanguage":"fr-FR","potentialAction":[{"@type":"ReadAction","target":["https:\/\/productionlibre.fr\/index.php\/lequipe\/"]}]},{"@type":"BreadcrumbList","@id":"https:\/\/productionlibre.fr\/index.php\/lequipe\/#breadcrumb","itemListElement":[{"@type":"ListItem","position":1,"name":"Accueil","item":"https:\/\/productionlibre.fr\/"},{"@type":"ListItem","position":2,"name":"L&rsquo;\u00e9quipe"}]},{"@type":"WebSite","@id":"https:\/\/productionlibre.fr\/#website","url":"https:\/\/productionlibre.fr\/","name":"www.productionlibre.fr","description":"De l&#039;id\u00e9e \u00e0 la r\u00e9alisation, avec un maximum de libert\u00e9s","publisher":{"@id":"https:\/\/productionlibre.fr\/#organization"},"potentialAction":[{"@type":"SearchAction","target":{"@type":"EntryPoint","urlTemplate":"https:\/\/productionlibre.fr\/?s={search_term_string}"},"query-input":{"@type":"PropertyValueSpecification","valueRequired":true,"valueName":"search_term_string"}}],"inLanguage":"fr-FR"},{"@type":"Organization","@id":"https:\/\/productionlibre.fr\/#organization","name":"Production Libre","url":"https:\/\/productionlibre.fr\/","logo":{"@type":"ImageObject","inLanguage":"fr-FR","@id":"https:\/\/productionlibre.fr\/#\/schema\/logo\/image\/","url":"https:\/\/productionlibre.fr\/wp-content\/uploads\/2024\/07\/cropped-Logo-Production-Libre-Droite-Transparent.png","contentUrl":"https:\/\/productionlibre.fr\/wp-content\/uploads\/2024\/07\/cropped-Logo-Production-Libre-Droite-Transparent.png","width":386,"height":250,"caption":"Production Libre"},"image":{"@id":"https:\/\/productionlibre.fr\/#\/schema\/logo\/image\/"}}]}},"_links":{"self":[{"href":"https:\/\/productionlibre.fr\/index.php\/wp-json\/wp\/v2\/pages\/86","targetHints":{"allow":["GET"]}}],"collection":[{"href":"https:\/\/productionlibre.fr\/index.php\/wp-json\/wp\/v2\/pages"}],"about":[{"href":"https:\/\/productionlibre.fr\/index.php\/wp-json\/wp\/v2\/types\/page"}],"author":[{"embeddable":true,"href":"https:\/\/productionlibre.fr\/index.php\/wp-json\/wp\/v2\/users\/1"}],"replies":[{"embeddable":true,"href":"https:\/\/productionlibre.fr\/index.php\/wp-json\/wp\/v2\/comments?post=86"}],"version-history":[{"count":1,"href":"https:\/\/productionlibre.fr\/index.php\/wp-json\/wp\/v2\/pages\/86\/revisions"}],"predecessor-version":[{"id":88,"href":"https:\/\/productionlibre.fr\/index.php\/wp-json\/wp\/v2\/pages\/86\/revisions\/88"}],"wp:attachment":[{"href":"https:\/\/productionlibre.fr\/index.php\/wp-json\/wp\/v2\/media?parent=86"}],"curies":[{"name":"wp","href":"https:\/\/api.w.org\/{rel}","templated":true}]}}