{"id":50,"date":"2024-07-29T13:36:25","date_gmt":"2024-07-29T11:36:25","guid":{"rendered":"https:\/\/productionlibre.fr\/?page_id=50"},"modified":"2024-07-29T13:36:25","modified_gmt":"2024-07-29T11:36:25","slug":"prestations","status":"publish","type":"page","link":"https:\/\/productionlibre.fr\/index.php\/prestations\/","title":{"rendered":"Prestations"},"content":{"rendered":"\n<p>Production Libre peut vous proposer &#8230;<\/p>\n\n\n\n<p class=\"has-luminous-vivid-amber-background-color has-background\"><strong><em>&lt;en cours de r\u00e9daction><\/em><\/strong><\/p>\n\n\n\n<p><\/p>\n","protected":false},"excerpt":{"rendered":"<p>Production Libre peut vous proposer &#8230; &lt;en cours de r\u00e9daction><\/p>\n","protected":false},"author":1,"featured_media":0,"parent":0,"menu_order":0,"comment_status":"closed","ping_status":"closed","template":"","meta":{"footnotes":""},"class_list":["post-50","page","type-page","status-publish","hentry"],"yoast_head":"<!-- This site is optimized with the Yoast SEO plugin v23.9 - https:\/\/yoast.com\/wordpress\/plugins\/seo\/ -->\n<title>Prestations - Production Libre<\/title>\n<meta name=\"robots\" content=\"index, follow, max-snippet:-1, max-image-preview:large, max-video-preview:-1\" \/>\n<link rel=\"canonical\" href=\"https:\/\/productionlibre.fr\/index.php\/prestations\/\" \/>\n<meta property=\"og:locale\" content=\"fr_FR\" \/>\n<meta property=\"og:type\" content=\"article\" \/>\n<meta property=\"og:title\" content=\"Prestations - Production Libre\" \/>\n<meta property=\"og:description\" content=\"Production Libre peut vous proposer &#8230; &lt;en cours de r\u00e9daction&gt;\" \/>\n<meta property=\"og:url\" content=\"https:\/\/productionlibre.fr\/index.php\/prestations\/\" \/>\n<meta property=\"og:site_name\" content=\"Production Libre\" \/>\n<meta name=\"twitter:card\" content=\"summary_large_image\" \/>\n<script type=\"application\/ld+json\" class=\"yoast-schema-graph\">{\"@context\":\"https:\/\/schema.org\",\"@graph\":[{\"@type\":\"WebPage\",\"@id\":\"https:\/\/productionlibre.fr\/index.php\/prestations\/\",\"url\":\"https:\/\/productionlibre.fr\/index.php\/prestations\/\",\"name\":\"Prestations - Production Libre\",\"isPartOf\":{\"@id\":\"https:\/\/productionlibre.fr\/#website\"},\"datePublished\":\"2024-07-29T11:36:25+00:00\",\"dateModified\":\"2024-07-29T11:36:25+00:00\",\"breadcrumb\":{\"@id\":\"https:\/\/productionlibre.fr\/index.php\/prestations\/#breadcrumb\"},\"inLanguage\":\"fr-FR\",\"potentialAction\":[{\"@type\":\"ReadAction\",\"target\":[\"https:\/\/productionlibre.fr\/index.php\/prestations\/\"]}]},{\"@type\":\"BreadcrumbList\",\"@id\":\"https:\/\/productionlibre.fr\/index.php\/prestations\/#breadcrumb\",\"itemListElement\":[{\"@type\":\"ListItem\",\"position\":1,\"name\":\"Accueil\",\"item\":\"https:\/\/productionlibre.fr\/\"},{\"@type\":\"ListItem\",\"position\":2,\"name\":\"Prestations\"}]},{\"@type\":\"WebSite\",\"@id\":\"https:\/\/productionlibre.fr\/#website\",\"url\":\"https:\/\/productionlibre.fr\/\",\"name\":\"www.productionlibre.fr\",\"description\":\"De l&#039;id\u00e9e \u00e0 la r\u00e9alisation, avec un maximum de libert\u00e9s\",\"publisher\":{\"@id\":\"https:\/\/productionlibre.fr\/#organization\"},\"potentialAction\":[{\"@type\":\"SearchAction\",\"target\":{\"@type\":\"EntryPoint\",\"urlTemplate\":\"https:\/\/productionlibre.fr\/?s={search_term_string}\"},\"query-input\":{\"@type\":\"PropertyValueSpecification\",\"valueRequired\":true,\"valueName\":\"search_term_string\"}}],\"inLanguage\":\"fr-FR\"},{\"@type\":\"Organization\",\"@id\":\"https:\/\/productionlibre.fr\/#organization\",\"name\":\"Production Libre\",\"url\":\"https:\/\/productionlibre.fr\/\",\"logo\":{\"@type\":\"ImageObject\",\"inLanguage\":\"fr-FR\",\"@id\":\"https:\/\/productionlibre.fr\/#\/schema\/logo\/image\/\",\"url\":\"https:\/\/productionlibre.fr\/wp-content\/uploads\/2024\/07\/cropped-Logo-Production-Libre-Droite-Transparent.png\",\"contentUrl\":\"https:\/\/productionlibre.fr\/wp-content\/uploads\/2024\/07\/cropped-Logo-Production-Libre-Droite-Transparent.png\",\"width\":386,\"height\":250,\"caption\":\"Production Libre\"},\"image\":{\"@id\":\"https:\/\/productionlibre.fr\/#\/schema\/logo\/image\/\"}}]}<\/script>\n<!-- \/ Yoast SEO plugin. -->","yoast_head_json":{"title":"Prestations - Production Libre","robots":{"index":"index","follow":"follow","max-snippet":"max-snippet:-1","max-image-preview":"max-image-preview:large","max-video-preview":"max-video-preview:-1"},"canonical":"https:\/\/productionlibre.fr\/index.php\/prestations\/","og_locale":"fr_FR","og_type":"article","og_title":"Prestations - Production Libre","og_description":"Production Libre peut vous proposer &#8230; &lt;en cours de r\u00e9daction>","og_url":"https:\/\/productionlibre.fr\/index.php\/prestations\/","og_site_name":"Production Libre","twitter_card":"summary_large_image","schema":{"@context":"https:\/\/schema.org","@graph":[{"@type":"WebPage","@id":"https:\/\/productionlibre.fr\/index.php\/prestations\/","url":"https:\/\/productionlibre.fr\/index.php\/prestations\/","name":"Prestations - Production Libre","isPartOf":{"@id":"https:\/\/productionlibre.fr\/#website"},"datePublished":"2024-07-29T11:36:25+00:00","dateModified":"2024-07-29T11:36:25+00:00","breadcrumb":{"@id":"https:\/\/productionlibre.fr\/index.php\/prestations\/#breadcrumb"},"inLanguage":"fr-FR","potentialAction":[{"@type":"ReadAction","target":["https:\/\/productionlibre.fr\/index.php\/prestations\/"]}]},{"@type":"BreadcrumbList","@id":"https:\/\/productionlibre.fr\/index.php\/prestations\/#breadcrumb","itemListElement":[{"@type":"ListItem","position":1,"name":"Accueil","item":"https:\/\/productionlibre.fr\/"},{"@type":"ListItem","position":2,"name":"Prestations"}]},{"@type":"WebSite","@id":"https:\/\/productionlibre.fr\/#website","url":"https:\/\/productionlibre.fr\/","name":"www.productionlibre.fr","description":"De l&#039;id\u00e9e \u00e0 la r\u00e9alisation, avec un maximum de libert\u00e9s","publisher":{"@id":"https:\/\/productionlibre.fr\/#organization"},"potentialAction":[{"@type":"SearchAction","target":{"@type":"EntryPoint","urlTemplate":"https:\/\/productionlibre.fr\/?s={search_term_string}"},"query-input":{"@type":"PropertyValueSpecification","valueRequired":true,"valueName":"search_term_string"}}],"inLanguage":"fr-FR"},{"@type":"Organization","@id":"https:\/\/productionlibre.fr\/#organization","name":"Production Libre","url":"https:\/\/productionlibre.fr\/","logo":{"@type":"ImageObject","inLanguage":"fr-FR","@id":"https:\/\/productionlibre.fr\/#\/schema\/logo\/image\/","url":"https:\/\/productionlibre.fr\/wp-content\/uploads\/2024\/07\/cropped-Logo-Production-Libre-Droite-Transparent.png","contentUrl":"https:\/\/productionlibre.fr\/wp-content\/uploads\/2024\/07\/cropped-Logo-Production-Libre-Droite-Transparent.png","width":386,"height":250,"caption":"Production Libre"},"image":{"@id":"https:\/\/productionlibre.fr\/#\/schema\/logo\/image\/"}}]}},"_links":{"self":[{"href":"https:\/\/productionlibre.fr\/index.php\/wp-json\/wp\/v2\/pages\/50","targetHints":{"allow":["GET"]}}],"collection":[{"href":"https:\/\/productionlibre.fr\/index.php\/wp-json\/wp\/v2\/pages"}],"about":[{"href":"https:\/\/productionlibre.fr\/index.php\/wp-json\/wp\/v2\/types\/page"}],"author":[{"embeddable":true,"href":"https:\/\/productionlibre.fr\/index.php\/wp-json\/wp\/v2\/users\/1"}],"replies":[{"embeddable":true,"href":"https:\/\/productionlibre.fr\/index.php\/wp-json\/wp\/v2\/comments?post=50"}],"version-history":[{"count":1,"href":"https:\/\/productionlibre.fr\/index.php\/wp-json\/wp\/v2\/pages\/50\/revisions"}],"predecessor-version":[{"id":51,"href":"https:\/\/productionlibre.fr\/index.php\/wp-json\/wp\/v2\/pages\/50\/revisions\/51"}],"wp:attachment":[{"href":"https:\/\/productionlibre.fr\/index.php\/wp-json\/wp\/v2\/media?parent=50"}],"curies":[{"name":"wp","href":"https:\/\/api.w.org\/{rel}","templated":true}]}}